{"id":12563,"date":"2025-03-11T00:17:32","date_gmt":"2025-03-10T23:17:32","guid":{"rendered":"https:\/\/www.oravskyhaj.sk\/grillowanie-i-wedkarstwo\/"},"modified":"2025-08-27T17:51:08","modified_gmt":"2025-08-27T15:51:08","slug":"grillowanie-i-wedkarstwo","status":"publish","type":"page","link":"https:\/\/www.oravskyhaj.sk\/pl\/grillowanie-i-wedkarstwo\/","title":{"rendered":"Grillowanie i W\u0119dkarstwo"},"content":{"rendered":"\t\t<div data-elementor-type=\"wp-page\" data-elementor-id=\"12563\" class=\"elementor elementor-12563 elementor-6658\">\n\t\t\t\t<div class=\"elementor-element elementor-element-3b90cc09 e-lazyloaded e-flex e-con-boxed e-con e-parent\" data-id=\"3b90cc09\" data-element_type=\"container\" data-e-type=\"container\" data-settings=\"{&quot;background_background&quot;:&quot;classic&quot;}\">\n\t\t\t\t\t<div class=\"e-con-inner\">\n\t\t\t\t<div class=\"elementor-element elementor-element-3d2d8939 animated-fast elementor-invisible elementor-widget elementor-widget-heading\" data-id=\"3d2d8939\" data-element_type=\"widget\" data-e-type=\"widget\" data-settings=\"{&quot;_animation&quot;:&quot;opal-move-up&quot;}\" data-widget_type=\"heading.default\">\n\t\t\t\t<div class=\"elementor-widget-container\">\n\t\t\t\t\t<h1 class=\"elementor-heading-title elementor-size-default\">Piknik, grillowanie i w\u0119dkarstwo<\/h1>\t\t\t\t<\/div>\n\t\t\t\t<\/div>\n\t\t\t\t<div class=\"elementor-element elementor-element-ee90ad animated-fast elementor-invisible elementor-widget elementor-widget-text-editor\" data-id=\"ee90ad\" data-element_type=\"widget\" data-e-type=\"widget\" data-settings=\"{&quot;_animation&quot;:&quot;opal-move-up&quot;,&quot;_animation_delay&quot;:300}\" data-widget_type=\"text-editor.default\">\n\t\t\t\t<div class=\"elementor-widget-container\">\n\t\t\t\t\t\t\t\t\t<p>Ciesz si\u0119 wyj\u0105tkowymi wra\u017ceniami podczas nietypowych zaj\u0119\u0107<\/p>\t\t\t\t\t\t\t\t<\/div>\n\t\t\t\t<\/div>\n\t\t\t\t\t<\/div>\n\t\t\t\t<\/div>\n\t\t                <div class=\"custom-elementor-parallax\" data-id=\"3b90cc09\" data-settings=\"{&quot;type&quot;:&quot;scroll&quot;,&quot;speed&quot;:&quot;1.2&quot;,&quot;keepImg&quot;:&quot;true&quot;,&quot;imgSize&quot;:&quot;cover&quot;,&quot;imgPosition&quot;:&quot;50% 0%&quot;,&quot;noAndroid&quot;:&quot;false&quot;,&quot;noIos&quot;:&quot;false&quot;}\"><\/div>\n            <div class=\"elementor-element elementor-element-409732d0 e-flex e-con-boxed e-con e-parent\" data-id=\"409732d0\" data-element_type=\"container\" data-e-type=\"container\">\n\t\t\t\t\t<div class=\"e-con-inner\">\n\t\t<div class=\"elementor-element elementor-element-5140d0f8 e-con-full e-flex e-con e-child\" data-id=\"5140d0f8\" data-element_type=\"container\" data-e-type=\"container\">\n\t\t\t\t<div class=\"elementor-element elementor-element-e6961e5 elementor-widget elementor-widget-heading\" data-id=\"e6961e5\" data-element_type=\"widget\" data-e-type=\"widget\" data-widget_type=\"heading.default\">\n\t\t\t\t<div class=\"elementor-widget-container\">\n\t\t\t\t\t<div class=\"elementor-heading-title elementor-size-default\">Niezwyk\u0142e atrakcje letnie<\/div>\t\t\t\t<\/div>\n\t\t\t\t<\/div>\n\t\t\t\t<div class=\"elementor-element elementor-element-746fc40b elementor-invisible elementor-widget elementor-widget-heading\" data-id=\"746fc40b\" data-element_type=\"widget\" data-e-type=\"widget\" data-settings=\"{&quot;_animation&quot;:&quot;opal-move-up&quot;}\" data-widget_type=\"heading.default\">\n\t\t\t\t<div class=\"elementor-widget-container\">\n\t\t\t\t\t<h2 class=\"elementor-heading-title elementor-size-default\">Grillowanie z rodzin\u0105<\/h2>\t\t\t\t<\/div>\n\t\t\t\t<\/div>\n\t\t\t\t<div class=\"elementor-element elementor-element-70bd070c elementor-invisible elementor-widget elementor-widget-text-editor\" data-id=\"70bd070c\" data-element_type=\"widget\" data-e-type=\"widget\" data-settings=\"{&quot;_animation&quot;:&quot;opal-move-up&quot;}\" data-widget_type=\"text-editor.default\">\n\t\t\t\t<div class=\"elementor-widget-container\">\n\t\t\t\t\t\t\t\t\t<p class=\"\" data-end=\"426\" data-start=\"112\">Chcesz skosztowa\u0107 wy\u015bmienitych potraw z grilla lub sp\u0119dzi\u0107 mi\u0142e chwile z przyjaci\u00f3\u0142mi przy ognisku? W Oravskim Haju oferujemy idealn\u0105 okazj\u0119 do grillowania w pi\u0119knej przyrodzie! W miesi\u0105cach letnich mo\u017cecie wraz z dzie\u0107mi cieszy\u0107 si\u0119 prawdziwym grillowaniem przy naszym zewn\u0119trznym palenisku, gdzie b\u0119dziecie mogli delektowa\u0107 si\u0119 nie tylko wspania\u0142ym jedzeniem, ale tak\u017ce wyj\u0105tkow\u0105 atmosfer\u0105.<\/p><p class=\"\" data-end=\"740\" data-start=\"428\">Wszystkie potrzebne sk\u0142adniki do grillowania mo\u017cemy przygotowa\u0107 w specjalnym koszu grillowym, kt\u00f3ry zawiera r\u00f3\u017cne przysmaki do grillowania, a tak\u017ce butelk\u0119 wina. Przygotujemy r\u00f3wnie\u017c ognisko, drewno i ro\u017cny, wystarczy poinformowa\u0107 o tym recepcj\u0119.<\/p>\t\t\t\t\t\t\t\t<\/div>\n\t\t\t\t<\/div>\n\t\t\t\t<div class=\"elementor-element elementor-element-659d2e1a elementor-widget elementor-widget-image\" data-id=\"659d2e1a\" data-element_type=\"widget\" data-e-type=\"widget\" data-settings=\"{&quot;motion_fx_motion_fx_scrolling&quot;:&quot;yes&quot;,&quot;motion_fx_translateY_effect&quot;:&quot;yes&quot;,&quot;motion_fx_translateY_speed&quot;:{&quot;unit&quot;:&quot;px&quot;,&quot;size&quot;:3,&quot;sizes&quot;:[]},&quot;motion_fx_devices&quot;:[&quot;desktop&quot;,&quot;laptop&quot;],&quot;motion_fx_translateY_affectedRange&quot;:{&quot;unit&quot;:&quot;%&quot;,&quot;size&quot;:&quot;&quot;,&quot;sizes&quot;:{&quot;start&quot;:0,&quot;end&quot;:100}}}\" data-widget_type=\"image.default\">\n\t\t\t\t<div class=\"elementor-widget-container\">\n\t\t\t\t\t\t\t\t\t\t\t\t\t\t\t<img fetchpriority=\"high\" decoding=\"async\" width=\"768\" height=\"432\" src=\"https:\/\/www.oravskyhaj.sk\/wp-content\/uploads\/2025\/04\/opekacka-s-detmi-orava-768x432.jpg\" class=\"attachment-medium_large size-medium_large wp-image-12566\" alt=\"opekacka-s-detmi-orava\" srcset=\"https:\/\/www.oravskyhaj.sk\/wp-content\/uploads\/2025\/04\/opekacka-s-detmi-orava-768x432.jpg 768w, https:\/\/www.oravskyhaj.sk\/wp-content\/uploads\/2025\/04\/opekacka-s-detmi-orava-300x169.jpg 300w, https:\/\/www.oravskyhaj.sk\/wp-content\/uploads\/2025\/04\/opekacka-s-detmi-orava-1024x576.jpg 1024w, https:\/\/www.oravskyhaj.sk\/wp-content\/uploads\/2025\/04\/opekacka-s-detmi-orava-1536x864.jpg 1536w, https:\/\/www.oravskyhaj.sk\/wp-content\/uploads\/2025\/04\/opekacka-s-detmi-orava.jpg 1920w\" sizes=\"(max-width: 768px) 100vw, 768px\" \/>\t\t\t\t\t\t\t\t\t\t\t\t\t\t\t<\/div>\n\t\t\t\t<\/div>\n\t\t\t\t<\/div>\n\t\t<div class=\"elementor-element elementor-element-2b1cff9e e-con-full e-flex e-con e-child\" data-id=\"2b1cff9e\" data-element_type=\"container\" data-e-type=\"container\">\n\t\t\t\t<div class=\"elementor-element elementor-element-492d8d5b animated-slow elementor-invisible elementor-widget elementor-widget-image\" data-id=\"492d8d5b\" data-element_type=\"widget\" data-e-type=\"widget\" data-settings=\"{&quot;_animation&quot;:&quot;opal-move-up&quot;}\" data-widget_type=\"image.default\">\n\t\t\t\t<div class=\"elementor-widget-container\">\n\t\t\t\t\t\t\t\t\t\t\t\t\t\t\t<img decoding=\"async\" width=\"777\" height=\"1024\" src=\"https:\/\/www.oravskyhaj.sk\/wp-content\/uploads\/2025\/04\/opekacka-oravsky-haj-e1744126870102-777x1024.jpg\" class=\"attachment-large size-large wp-image-12567\" alt=\"opeka\u010dka-oravsky-haj\" srcset=\"https:\/\/www.oravskyhaj.sk\/wp-content\/uploads\/2025\/04\/opekacka-oravsky-haj-e1744126870102-777x1024.jpg 777w, https:\/\/www.oravskyhaj.sk\/wp-content\/uploads\/2025\/04\/opekacka-oravsky-haj-e1744126870102-228x300.jpg 228w, https:\/\/www.oravskyhaj.sk\/wp-content\/uploads\/2025\/04\/opekacka-oravsky-haj-e1744126870102-768x1012.jpg 768w, https:\/\/www.oravskyhaj.sk\/wp-content\/uploads\/2025\/04\/opekacka-oravsky-haj-e1744126870102.jpg 820w\" sizes=\"(max-width: 777px) 100vw, 777px\" \/>\t\t\t\t\t\t\t\t\t\t\t\t\t\t\t<\/div>\n\t\t\t\t<\/div>\n\t\t\t\t<\/div>\n\t\t\t\t\t<\/div>\n\t\t\t\t<\/div>\n\t\t<div class=\"elementor-element elementor-element-fbfa62b e-flex e-con-boxed e-con e-parent\" data-id=\"fbfa62b\" data-element_type=\"container\" data-e-type=\"container\" data-settings=\"{&quot;animation&quot;:&quot;none&quot;}\">\n\t\t\t\t\t<div class=\"e-con-inner\">\n\t\t<div class=\"elementor-element elementor-element-9378919 e-grid e-con-full e-con e-child\" data-id=\"9378919\" data-element_type=\"container\" data-e-type=\"container\">\n\t\t\t\t<div class=\"elementor-element elementor-element-42fc185 elementor-invisible elementor-widget elementor-widget-text-editor\" data-id=\"42fc185\" data-element_type=\"widget\" data-e-type=\"widget\" data-settings=\"{&quot;_animation&quot;:&quot;fadeIn&quot;}\" data-widget_type=\"text-editor.default\">\n\t\t\t\t<div class=\"elementor-widget-container\">\n\t\t\t\t\t\t\t\t\t<h5>W\u0119dkarstwo na jeziorze<\/h5><p>W pobli\u017cu ogniska znajduje si\u0119 jezioro, gdzie opr\u00f3cz mo\u017cliwo\u015bci p\u0142ywania \u0142\u00f3dk\u0105 oferujemy r\u00f3wnie\u017c mo\u017cliwo\u015b\u0107 z\u0142owienia pstr\u0105ga, a nast\u0119pnie upieczenia go w naszej kuchni. Ciesz si\u0119 zabaw\u0105 z dzie\u0107mi podczas w\u0119dkowania. Nie martw si\u0119 o sprz\u0119t, w\u0119dki z przyn\u0119t\u0105 wypo\u017cyczysz w recepcji. Delektuj si\u0119 \u015bwie\u017cymi grillowanymi rybami z w\u0142asnej hodowli!<\/p>\t\t\t\t\t\t\t\t<\/div>\n\t\t\t\t<\/div>\n\t\t<div class=\"elementor-element elementor-element-c5e58e2 e-con-full e-flex elementor-invisible e-con e-child\" data-id=\"c5e58e2\" data-element_type=\"container\" data-e-type=\"container\" data-settings=\"{&quot;animation&quot;:&quot;opal-move-left&quot;}\">\n\t\t\t\t<div class=\"elementor-element elementor-element-1945eb4 elementor-widget elementor-widget-image-carousel\" data-id=\"1945eb4\" data-element_type=\"widget\" data-e-type=\"widget\" data-settings=\"{&quot;slides_to_show&quot;:&quot;1&quot;,&quot;navigation&quot;:&quot;none&quot;,&quot;autoplay&quot;:&quot;yes&quot;,&quot;pause_on_hover&quot;:&quot;yes&quot;,&quot;pause_on_interaction&quot;:&quot;yes&quot;,&quot;autoplay_speed&quot;:5000,&quot;infinite&quot;:&quot;yes&quot;,&quot;effect&quot;:&quot;slide&quot;,&quot;speed&quot;:500}\" data-widget_type=\"image-carousel.default\">\n\t\t\t\t<div class=\"elementor-widget-container\">\n\t\t\t\t\t\t\t<div class=\"elementor-image-carousel-wrapper swiper\" role=\"region\" aria-roledescription=\"carousel\" aria-label=\"Obr\u00e1zkov\u00fd kot\u00fa\u010d\" dir=\"ltr\">\n\t\t\t<div class=\"elementor-image-carousel swiper-wrapper\" aria-live=\"off\">\n\t\t\t\t\t\t\t\t<div class=\"swiper-slide\" role=\"group\" aria-roledescription=\"slide\" aria-label=\"1 z 3\"><figure class=\"swiper-slide-inner\"><img decoding=\"async\" class=\"swiper-slide-image\" src=\"https:\/\/www.oravskyhaj.sk\/wp-content\/uploads\/2025\/04\/rybolov-rodina-oravsky-haj-768x512.jpg\" alt=\"rybolov-rodina-oravsky-haj\" \/><\/figure><\/div><div class=\"swiper-slide\" role=\"group\" aria-roledescription=\"slide\" aria-label=\"2 z 3\"><figure class=\"swiper-slide-inner\"><img decoding=\"async\" class=\"swiper-slide-image\" src=\"https:\/\/www.oravskyhaj.sk\/wp-content\/uploads\/2025\/04\/Rybolov-Jazero-Oravsky-Haj-768x512.jpg\" alt=\"Rybolov Jazero Oravsky Haj\" \/><\/figure><\/div><div class=\"swiper-slide\" role=\"group\" aria-roledescription=\"slide\" aria-label=\"3 z 3\"><figure class=\"swiper-slide-inner\"><img decoding=\"async\" class=\"swiper-slide-image\" src=\"https:\/\/www.oravskyhaj.sk\/wp-content\/uploads\/2025\/04\/Jazero-Oravsky-Haj-768x512.jpg\" alt=\"Jazero Oravsky Haj\" \/><\/figure><\/div>\t\t\t<\/div>\n\t\t\t\t\t\t\t\n\t\t\t\t\t\t\t\t\t<\/div>\n\t\t\t\t\t\t<\/div>\n\t\t\t\t<\/div>\n\t\t\t\t<\/div>\n\t\t\t\t<\/div>\n\t\t\t\t\t<\/div>\n\t\t\t\t<\/div>\n\t\t<div class=\"elementor-element elementor-element-a17cd8f e-flex e-con-boxed e-con e-parent\" data-id=\"a17cd8f\" data-element_type=\"container\" data-e-type=\"container\" data-settings=\"{&quot;animation&quot;:&quot;none&quot;}\">\n\t\t\t\t\t<div class=\"e-con-inner\">\n\t\t<div class=\"elementor-element elementor-element-3c924e2 e-grid e-con-full e-con e-child\" data-id=\"3c924e2\" data-element_type=\"container\" data-e-type=\"container\">\n\t\t<div class=\"elementor-element elementor-element-ec3c94e e-con-full e-flex elementor-invisible e-con e-child\" data-id=\"ec3c94e\" data-element_type=\"container\" data-e-type=\"container\" data-settings=\"{&quot;animation&quot;:&quot;opal-move-right&quot;}\">\n\t\t\t\t<div class=\"elementor-element elementor-element-7e1f0f5 elementor-widget elementor-widget-image\" data-id=\"7e1f0f5\" data-element_type=\"widget\" data-e-type=\"widget\" data-widget_type=\"image.default\">\n\t\t\t\t<div class=\"elementor-widget-container\">\n\t\t\t\t\t\t\t\t\t\t\t\t\t\t\t<img decoding=\"async\" width=\"768\" height=\"576\" src=\"https:\/\/www.oravskyhaj.sk\/wp-content\/uploads\/2025\/04\/piknik-oravsky-haj-768x576.jpg\" class=\"attachment-medium_large size-medium_large wp-image-12564\" alt=\"piknik-oravsky-haj\" srcset=\"https:\/\/www.oravskyhaj.sk\/wp-content\/uploads\/2025\/04\/piknik-oravsky-haj-768x576.jpg 768w, https:\/\/www.oravskyhaj.sk\/wp-content\/uploads\/2025\/04\/piknik-oravsky-haj-300x225.jpg 300w, https:\/\/www.oravskyhaj.sk\/wp-content\/uploads\/2025\/04\/piknik-oravsky-haj-1024x768.jpg 1024w, https:\/\/www.oravskyhaj.sk\/wp-content\/uploads\/2025\/04\/piknik-oravsky-haj-1536x1152.jpg 1536w, https:\/\/www.oravskyhaj.sk\/wp-content\/uploads\/2025\/04\/piknik-oravsky-haj-2048x1536.jpg 2048w\" sizes=\"(max-width: 768px) 100vw, 768px\" \/>\t\t\t\t\t\t\t\t\t\t\t\t\t\t\t<\/div>\n\t\t\t\t<\/div>\n\t\t\t\t<\/div>\n\t\t\t\t<div class=\"elementor-element elementor-element-b28c2e4 elementor-invisible elementor-widget elementor-widget-text-editor\" data-id=\"b28c2e4\" data-element_type=\"widget\" data-e-type=\"widget\" data-settings=\"{&quot;_animation&quot;:&quot;fadeIn&quot;}\" data-widget_type=\"text-editor.default\">\n\t\t\t\t<div class=\"elementor-widget-container\">\n\t\t\t\t\t\t\t\t\t<h5>Piknik bezpo\u015brednio w o\u015brodku<\/h5><p>Ciesz si\u0119 letni\u0105 pogod\u0105 na trawie, gdzie mo\u017cesz zorganizowa\u0107 wspania\u0142y piknik z przyjaci\u00f3\u0142mi i rodzin\u0105. Oferujemy typowy kosz piknikowy, kt\u00f3ry zawiera przek\u0105ski na prawdziwy piknik oraz butelk\u0119 doskona\u0142ego wina Chateau Grand Bari. Oczywi\u015bcie w zestawie znajduj\u0105 si\u0119 r\u00f3wnie\u017c talerze, szklanki i sztu\u0107ce.<\/p>\t\t\t\t\t\t\t\t<\/div>\n\t\t\t\t<\/div>\n\t\t\t\t<\/div>\n\t\t\t\t\t<\/div>\n\t\t\t\t<\/div>\n\t\t\t\t<\/div>\n\t\t","protected":false},"excerpt":{"rendered":"<p>Piknik, grillowanie i w\u0119dkarstwo Ciesz si\u0119 wyj\u0105tkowymi wra\u017ceniami podczas nietypowych zaj\u0119\u0107 Niezwyk\u0142e atrakcje letnie Grillowanie z rodzin\u0105 Chcesz skosztowa\u0107 wy\u015bmienitych potraw z grilla lub sp\u0119dzi\u0107 mi\u0142e chwile z przyjaci\u00f3\u0142mi przy ognisku? W Oravskim Haju oferujemy idealn\u0105 okazj\u0119 do grillowania w pi\u0119knej przyrodzie! W miesi\u0105cach letnich mo\u017cecie wraz z dzie\u0107mi cieszy\u0107 si\u0119 prawdziwym grillowaniem przy naszym [&hellip;]<\/p>\n","protected":false},"author":1,"featured_media":0,"parent":0,"menu_order":0,"comment_status":"closed","ping_status":"closed","template":"","meta":{"_acf_changed":false,"inline_featured_image":false,"footnotes":""},"class_list":["post-12563","page","type-page","status-publish","hentry"],"acf":[],"yoast_head":"<!-- This site is optimized with the Yoast SEO plugin v27.4 - https:\/\/yoast.com\/product\/yoast-seo-wordpress\/ -->\n<title>Grillowanie i W\u0119dkarstwo - Oravsk\u00fd H\u00e1j<\/title>\n<meta name=\"description\" content=\"Zrelaksuj si\u0119 podczas w\u0119dkowania i grillowania w Oravskim H\u00e1ji. Idealne miejsce na wypoczynek na \u0142onie natury dla rodzin i grup.\" \/>\n<meta name=\"robots\" content=\"index, follow, max-snippet:-1, max-image-preview:large, max-video-preview:-1\" \/>\n<link rel=\"canonical\" href=\"https:\/\/www.oravskyhaj.sk\/pl\/grillowanie-i-wedkarstwo\/\" \/>\n<meta property=\"og:locale\" content=\"pl_PL\" \/>\n<meta property=\"og:type\" content=\"article\" \/>\n<meta property=\"og:title\" content=\"Grillowanie i W\u0119dkarstwo - Oravsk\u00fd H\u00e1j\" \/>\n<meta property=\"og:description\" content=\"Zrelaksuj si\u0119 podczas w\u0119dkowania i grillowania w Oravskim H\u00e1ji. Idealne miejsce na wypoczynek na \u0142onie natury dla rodzin i grup.\" \/>\n<meta property=\"og:url\" content=\"https:\/\/www.oravskyhaj.sk\/pl\/grillowanie-i-wedkarstwo\/\" \/>\n<meta property=\"og:site_name\" content=\"Oravsk\u00fd H\u00e1j\" \/>\n<meta property=\"article:publisher\" content=\"https:\/\/www.facebook.com\/OravskyHajHotel\/\" \/>\n<meta property=\"article:modified_time\" content=\"2025-08-27T15:51:08+00:00\" \/>\n<meta property=\"og:image\" content=\"https:\/\/www.oravskyhaj.sk\/wp-content\/uploads\/2025\/04\/opekacka-s-detmi-orava.jpg\" \/>\n\t<meta property=\"og:image:width\" content=\"1920\" \/>\n\t<meta property=\"og:image:height\" content=\"1080\" \/>\n\t<meta property=\"og:image:type\" content=\"image\/jpeg\" \/>\n<meta name=\"twitter:card\" content=\"summary_large_image\" \/>\n<meta name=\"twitter:label1\" content=\"Szacowany czas czytania\" \/>\n\t<meta name=\"twitter:data1\" content=\"3 minuty\" \/>\n<script type=\"application\/ld+json\" class=\"yoast-schema-graph\">{\"@context\":\"https:\\\/\\\/schema.org\",\"@graph\":[{\"@type\":\"WebPage\",\"@id\":\"https:\\\/\\\/www.oravskyhaj.sk\\\/pl\\\/grillowanie-i-wedkarstwo\\\/\",\"url\":\"https:\\\/\\\/www.oravskyhaj.sk\\\/pl\\\/grillowanie-i-wedkarstwo\\\/\",\"name\":\"Grillowanie i W\u0119dkarstwo - Oravsk\u00fd H\u00e1j\",\"isPartOf\":{\"@id\":\"https:\\\/\\\/www.oravskyhaj.sk\\\/pl\\\/#website\"},\"primaryImageOfPage\":{\"@id\":\"https:\\\/\\\/www.oravskyhaj.sk\\\/pl\\\/grillowanie-i-wedkarstwo\\\/#primaryimage\"},\"image\":{\"@id\":\"https:\\\/\\\/www.oravskyhaj.sk\\\/pl\\\/grillowanie-i-wedkarstwo\\\/#primaryimage\"},\"thumbnailUrl\":\"https:\\\/\\\/www.oravskyhaj.sk\\\/wp-content\\\/uploads\\\/2025\\\/04\\\/opekacka-s-detmi-orava-768x432.jpg\",\"datePublished\":\"2025-03-10T23:17:32+00:00\",\"dateModified\":\"2025-08-27T15:51:08+00:00\",\"description\":\"Zrelaksuj si\u0119 podczas w\u0119dkowania i grillowania w Oravskim H\u00e1ji. Idealne miejsce na wypoczynek na \u0142onie natury dla rodzin i grup.\",\"breadcrumb\":{\"@id\":\"https:\\\/\\\/www.oravskyhaj.sk\\\/pl\\\/grillowanie-i-wedkarstwo\\\/#breadcrumb\"},\"inLanguage\":\"pl-PL\",\"potentialAction\":[{\"@type\":\"ReadAction\",\"target\":[\"https:\\\/\\\/www.oravskyhaj.sk\\\/pl\\\/grillowanie-i-wedkarstwo\\\/\"]}]},{\"@type\":\"ImageObject\",\"inLanguage\":\"pl-PL\",\"@id\":\"https:\\\/\\\/www.oravskyhaj.sk\\\/pl\\\/grillowanie-i-wedkarstwo\\\/#primaryimage\",\"url\":\"https:\\\/\\\/www.oravskyhaj.sk\\\/wp-content\\\/uploads\\\/2025\\\/04\\\/opekacka-s-detmi-orava-768x432.jpg\",\"contentUrl\":\"https:\\\/\\\/www.oravskyhaj.sk\\\/wp-content\\\/uploads\\\/2025\\\/04\\\/opekacka-s-detmi-orava-768x432.jpg\"},{\"@type\":\"BreadcrumbList\",\"@id\":\"https:\\\/\\\/www.oravskyhaj.sk\\\/pl\\\/grillowanie-i-wedkarstwo\\\/#breadcrumb\",\"itemListElement\":[{\"@type\":\"ListItem\",\"position\":1,\"name\":\"Home\",\"item\":\"https:\\\/\\\/www.oravskyhaj.sk\\\/pl\\\/\"},{\"@type\":\"ListItem\",\"position\":2,\"name\":\"Grillowanie i W\u0119dkarstwo\"}]},{\"@type\":\"WebSite\",\"@id\":\"https:\\\/\\\/www.oravskyhaj.sk\\\/pl\\\/#website\",\"url\":\"https:\\\/\\\/www.oravskyhaj.sk\\\/pl\\\/\",\"name\":\"Oravsk\u00fd H\u00e1j\",\"description\":\"Garden Hotel &amp; Resort\",\"publisher\":{\"@id\":\"https:\\\/\\\/www.oravskyhaj.sk\\\/pl\\\/#organization\"},\"potentialAction\":[{\"@type\":\"SearchAction\",\"target\":{\"@type\":\"EntryPoint\",\"urlTemplate\":\"https:\\\/\\\/www.oravskyhaj.sk\\\/pl\\\/?s={search_term_string}\"},\"query-input\":{\"@type\":\"PropertyValueSpecification\",\"valueRequired\":true,\"valueName\":\"search_term_string\"}}],\"inLanguage\":\"pl-PL\"},{\"@type\":\"Organization\",\"@id\":\"https:\\\/\\\/www.oravskyhaj.sk\\\/pl\\\/#organization\",\"name\":\"Oravsk\u00fd H\u00e1j\",\"url\":\"https:\\\/\\\/www.oravskyhaj.sk\\\/pl\\\/\",\"logo\":{\"@type\":\"ImageObject\",\"inLanguage\":\"pl-PL\",\"@id\":\"https:\\\/\\\/www.oravskyhaj.sk\\\/pl\\\/#\\\/schema\\\/logo\\\/image\\\/\",\"url\":\"https:\\\/\\\/www.oravskyhaj.sk\\\/wp-content\\\/uploads\\\/2026\\\/04\\\/oravsky-haj-logo-april-2026.png\",\"contentUrl\":\"https:\\\/\\\/www.oravskyhaj.sk\\\/wp-content\\\/uploads\\\/2026\\\/04\\\/oravsky-haj-logo-april-2026.png\",\"width\":800,\"height\":346,\"caption\":\"Oravsk\u00fd H\u00e1j\"},\"image\":{\"@id\":\"https:\\\/\\\/www.oravskyhaj.sk\\\/pl\\\/#\\\/schema\\\/logo\\\/image\\\/\"},\"sameAs\":[\"https:\\\/\\\/www.facebook.com\\\/OravskyHajHotel\\\/\",\"https:\\\/\\\/www.instagram.com\\\/oravskyhaj\\\/\"]}]}<\/script>\n<!-- \/ Yoast SEO plugin. -->","yoast_head_json":{"title":"Grillowanie i W\u0119dkarstwo - Oravsk\u00fd H\u00e1j","description":"Zrelaksuj si\u0119 podczas w\u0119dkowania i grillowania w Oravskim H\u00e1ji. Idealne miejsce na wypoczynek na \u0142onie natury dla rodzin i grup.","robots":{"index":"index","follow":"follow","max-snippet":"max-snippet:-1","max-image-preview":"max-image-preview:large","max-video-preview":"max-video-preview:-1"},"canonical":"https:\/\/www.oravskyhaj.sk\/pl\/grillowanie-i-wedkarstwo\/","og_locale":"pl_PL","og_type":"article","og_title":"Grillowanie i W\u0119dkarstwo - Oravsk\u00fd H\u00e1j","og_description":"Zrelaksuj si\u0119 podczas w\u0119dkowania i grillowania w Oravskim H\u00e1ji. Idealne miejsce na wypoczynek na \u0142onie natury dla rodzin i grup.","og_url":"https:\/\/www.oravskyhaj.sk\/pl\/grillowanie-i-wedkarstwo\/","og_site_name":"Oravsk\u00fd H\u00e1j","article_publisher":"https:\/\/www.facebook.com\/OravskyHajHotel\/","article_modified_time":"2025-08-27T15:51:08+00:00","og_image":[{"width":1920,"height":1080,"url":"https:\/\/www.oravskyhaj.sk\/wp-content\/uploads\/2025\/04\/opekacka-s-detmi-orava.jpg","type":"image\/jpeg"}],"twitter_card":"summary_large_image","twitter_misc":{"Szacowany czas czytania":"3 minuty"},"schema":{"@context":"https:\/\/schema.org","@graph":[{"@type":"WebPage","@id":"https:\/\/www.oravskyhaj.sk\/pl\/grillowanie-i-wedkarstwo\/","url":"https:\/\/www.oravskyhaj.sk\/pl\/grillowanie-i-wedkarstwo\/","name":"Grillowanie i W\u0119dkarstwo - Oravsk\u00fd H\u00e1j","isPartOf":{"@id":"https:\/\/www.oravskyhaj.sk\/pl\/#website"},"primaryImageOfPage":{"@id":"https:\/\/www.oravskyhaj.sk\/pl\/grillowanie-i-wedkarstwo\/#primaryimage"},"image":{"@id":"https:\/\/www.oravskyhaj.sk\/pl\/grillowanie-i-wedkarstwo\/#primaryimage"},"thumbnailUrl":"https:\/\/www.oravskyhaj.sk\/wp-content\/uploads\/2025\/04\/opekacka-s-detmi-orava-768x432.jpg","datePublished":"2025-03-10T23:17:32+00:00","dateModified":"2025-08-27T15:51:08+00:00","description":"Zrelaksuj si\u0119 podczas w\u0119dkowania i grillowania w Oravskim H\u00e1ji. Idealne miejsce na wypoczynek na \u0142onie natury dla rodzin i grup.","breadcrumb":{"@id":"https:\/\/www.oravskyhaj.sk\/pl\/grillowanie-i-wedkarstwo\/#breadcrumb"},"inLanguage":"pl-PL","potentialAction":[{"@type":"ReadAction","target":["https:\/\/www.oravskyhaj.sk\/pl\/grillowanie-i-wedkarstwo\/"]}]},{"@type":"ImageObject","inLanguage":"pl-PL","@id":"https:\/\/www.oravskyhaj.sk\/pl\/grillowanie-i-wedkarstwo\/#primaryimage","url":"https:\/\/www.oravskyhaj.sk\/wp-content\/uploads\/2025\/04\/opekacka-s-detmi-orava-768x432.jpg","contentUrl":"https:\/\/www.oravskyhaj.sk\/wp-content\/uploads\/2025\/04\/opekacka-s-detmi-orava-768x432.jpg"},{"@type":"BreadcrumbList","@id":"https:\/\/www.oravskyhaj.sk\/pl\/grillowanie-i-wedkarstwo\/#breadcrumb","itemListElement":[{"@type":"ListItem","position":1,"name":"Home","item":"https:\/\/www.oravskyhaj.sk\/pl\/"},{"@type":"ListItem","position":2,"name":"Grillowanie i W\u0119dkarstwo"}]},{"@type":"WebSite","@id":"https:\/\/www.oravskyhaj.sk\/pl\/#website","url":"https:\/\/www.oravskyhaj.sk\/pl\/","name":"Oravsk\u00fd H\u00e1j","description":"Garden Hotel &amp; Resort","publisher":{"@id":"https:\/\/www.oravskyhaj.sk\/pl\/#organization"},"potentialAction":[{"@type":"SearchAction","target":{"@type":"EntryPoint","urlTemplate":"https:\/\/www.oravskyhaj.sk\/pl\/?s={search_term_string}"},"query-input":{"@type":"PropertyValueSpecification","valueRequired":true,"valueName":"search_term_string"}}],"inLanguage":"pl-PL"},{"@type":"Organization","@id":"https:\/\/www.oravskyhaj.sk\/pl\/#organization","name":"Oravsk\u00fd H\u00e1j","url":"https:\/\/www.oravskyhaj.sk\/pl\/","logo":{"@type":"ImageObject","inLanguage":"pl-PL","@id":"https:\/\/www.oravskyhaj.sk\/pl\/#\/schema\/logo\/image\/","url":"https:\/\/www.oravskyhaj.sk\/wp-content\/uploads\/2026\/04\/oravsky-haj-logo-april-2026.png","contentUrl":"https:\/\/www.oravskyhaj.sk\/wp-content\/uploads\/2026\/04\/oravsky-haj-logo-april-2026.png","width":800,"height":346,"caption":"Oravsk\u00fd H\u00e1j"},"image":{"@id":"https:\/\/www.oravskyhaj.sk\/pl\/#\/schema\/logo\/image\/"},"sameAs":["https:\/\/www.facebook.com\/OravskyHajHotel\/","https:\/\/www.instagram.com\/oravskyhaj\/"]}]}},"_links":{"self":[{"href":"https:\/\/www.oravskyhaj.sk\/pl\/wp-json\/wp\/v2\/pages\/12563","targetHints":{"allow":["GET"]}}],"collection":[{"href":"https:\/\/www.oravskyhaj.sk\/pl\/wp-json\/wp\/v2\/pages"}],"about":[{"href":"https:\/\/www.oravskyhaj.sk\/pl\/wp-json\/wp\/v2\/types\/page"}],"author":[{"embeddable":true,"href":"https:\/\/www.oravskyhaj.sk\/pl\/wp-json\/wp\/v2\/users\/1"}],"replies":[{"embeddable":true,"href":"https:\/\/www.oravskyhaj.sk\/pl\/wp-json\/wp\/v2\/comments?post=12563"}],"version-history":[{"count":4,"href":"https:\/\/www.oravskyhaj.sk\/pl\/wp-json\/wp\/v2\/pages\/12563\/revisions"}],"predecessor-version":[{"id":12890,"href":"https:\/\/www.oravskyhaj.sk\/pl\/wp-json\/wp\/v2\/pages\/12563\/revisions\/12890"}],"wp:attachment":[{"href":"https:\/\/www.oravskyhaj.sk\/pl\/wp-json\/wp\/v2\/media?parent=12563"}],"curies":[{"name":"wp","href":"https:\/\/api.w.org\/{rel}","templated":true}]}}