{"id":10772,"date":"2025-03-11T00:17:32","date_gmt":"2025-03-10T23:17:32","guid":{"rendered":"https:\/\/www.oravskyhaj.sk\/barbecue-and-fishing\/"},"modified":"2025-07-22T22:04:16","modified_gmt":"2025-07-22T20:04:16","slug":"barbecue-and-fishing","status":"publish","type":"page","link":"https:\/\/www.oravskyhaj.sk\/en\/barbecue-and-fishing\/","title":{"rendered":"Barbecue and Fishing"},"content":{"rendered":"\t\t<div data-elementor-type=\"wp-page\" data-elementor-id=\"10772\" class=\"elementor elementor-10772 elementor-6658\">\n\t\t\t\t<div class=\"elementor-element elementor-element-3b90cc09 e-lazyloaded e-flex e-con-boxed e-con e-parent\" data-id=\"3b90cc09\" data-element_type=\"container\" data-e-type=\"container\" data-settings=\"{&quot;background_background&quot;:&quot;classic&quot;}\">\n\t\t\t\t\t<div class=\"e-con-inner\">\n\t\t\t\t<div class=\"elementor-element elementor-element-3d2d8939 animated-fast elementor-invisible elementor-widget elementor-widget-heading\" data-id=\"3d2d8939\" data-element_type=\"widget\" data-e-type=\"widget\" data-settings=\"{&quot;_animation&quot;:&quot;opal-move-up&quot;}\" data-widget_type=\"heading.default\">\n\t\t\t\t<div class=\"elementor-widget-container\">\n\t\t\t\t\t<h1 class=\"elementor-heading-title elementor-size-default\">Picnic, barbecue &amp; fishing<\/h1>\t\t\t\t<\/div>\n\t\t\t\t<\/div>\n\t\t\t\t<div class=\"elementor-element elementor-element-ee90ad animated-fast elementor-invisible elementor-widget elementor-widget-text-editor\" data-id=\"ee90ad\" data-element_type=\"widget\" data-e-type=\"widget\" data-settings=\"{&quot;_animation&quot;:&quot;opal-move-up&quot;,&quot;_animation_delay&quot;:300}\" data-widget_type=\"text-editor.default\">\n\t\t\t\t<div class=\"elementor-widget-container\">\n\t\t\t\t\t\t\t\t\t<p>Enjoy exceptional experiences during unconventional activities<\/p>\t\t\t\t\t\t\t\t<\/div>\n\t\t\t\t<\/div>\n\t\t\t\t\t<\/div>\n\t\t\t\t<\/div>\n\t\t                <div class=\"custom-elementor-parallax\" data-id=\"3b90cc09\" data-settings=\"{&quot;type&quot;:&quot;scroll&quot;,&quot;speed&quot;:&quot;1.2&quot;,&quot;keepImg&quot;:&quot;true&quot;,&quot;imgSize&quot;:&quot;cover&quot;,&quot;imgPosition&quot;:&quot;50% 0%&quot;,&quot;noAndroid&quot;:&quot;false&quot;,&quot;noIos&quot;:&quot;false&quot;}\"><\/div>\n            <div class=\"elementor-element elementor-element-409732d0 e-flex e-con-boxed e-con e-parent\" data-id=\"409732d0\" data-element_type=\"container\" data-e-type=\"container\">\n\t\t\t\t\t<div class=\"e-con-inner\">\n\t\t<div class=\"elementor-element elementor-element-5140d0f8 e-con-full e-flex e-con e-child\" data-id=\"5140d0f8\" data-element_type=\"container\" data-e-type=\"container\">\n\t\t\t\t<div class=\"elementor-element elementor-element-e6961e5 elementor-widget elementor-widget-heading\" data-id=\"e6961e5\" data-element_type=\"widget\" data-e-type=\"widget\" data-widget_type=\"heading.default\">\n\t\t\t\t<div class=\"elementor-widget-container\">\n\t\t\t\t\t<div class=\"elementor-heading-title elementor-size-default\">Non-traditional summer activities<\/div>\t\t\t\t<\/div>\n\t\t\t\t<\/div>\n\t\t\t\t<div class=\"elementor-element elementor-element-746fc40b elementor-invisible elementor-widget elementor-widget-heading\" data-id=\"746fc40b\" data-element_type=\"widget\" data-e-type=\"widget\" data-settings=\"{&quot;_animation&quot;:&quot;opal-move-up&quot;}\" data-widget_type=\"heading.default\">\n\t\t\t\t<div class=\"elementor-widget-container\">\n\t\t\t\t\t<h2 class=\"elementor-heading-title elementor-size-default\">Barbecue with the family<\/h2>\t\t\t\t<\/div>\n\t\t\t\t<\/div>\n\t\t\t\t<div class=\"elementor-element elementor-element-70bd070c elementor-invisible elementor-widget elementor-widget-text-editor\" data-id=\"70bd070c\" data-element_type=\"widget\" data-e-type=\"widget\" data-settings=\"{&quot;_animation&quot;:&quot;opal-move-up&quot;}\" data-widget_type=\"text-editor.default\">\n\t\t\t\t<div class=\"elementor-widget-container\">\n\t\t\t\t\t\t\t\t\t<p>Would you like to enjoy delicious grilled food or spend a relaxing evening by the fire with friends? At Oravsk\u00fd H\u00e1j, we offer the perfect opportunity for a barbecue in the heart of nature! During the summer months, you and your children can enjoy a traditional outdoor barbecue at our fire pit &#8211; complete with great food and a unique atmosphere.<\/p><p>We\u2019ll prepare everything you need in a special barbecue basket filled with tasty grilling treats and a bottle of wine.<\/p><p>We\u2019ll also get the fire pit ready for you, along with firewood and roasting sticks &#8211; just let the reception know.<\/p>\t\t\t\t\t\t\t\t<\/div>\n\t\t\t\t<\/div>\n\t\t\t\t<div class=\"elementor-element elementor-element-659d2e1a elementor-widget elementor-widget-image\" data-id=\"659d2e1a\" data-element_type=\"widget\" data-e-type=\"widget\" data-settings=\"{&quot;motion_fx_motion_fx_scrolling&quot;:&quot;yes&quot;,&quot;motion_fx_translateY_effect&quot;:&quot;yes&quot;,&quot;motion_fx_translateY_speed&quot;:{&quot;unit&quot;:&quot;px&quot;,&quot;size&quot;:3,&quot;sizes&quot;:[]},&quot;motion_fx_devices&quot;:[&quot;desktop&quot;,&quot;laptop&quot;],&quot;motion_fx_translateY_affectedRange&quot;:{&quot;unit&quot;:&quot;%&quot;,&quot;size&quot;:&quot;&quot;,&quot;sizes&quot;:{&quot;start&quot;:0,&quot;end&quot;:100}}}\" data-widget_type=\"image.default\">\n\t\t\t\t<div class=\"elementor-widget-container\">\n\t\t\t\t\t\t\t\t\t\t\t\t\t\t\t<img fetchpriority=\"high\" decoding=\"async\" width=\"768\" height=\"432\" src=\"https:\/\/www.oravskyhaj.sk\/wp-content\/uploads\/2025\/04\/opekacka-s-detmi-orava-768x432.jpg\" class=\"attachment-medium_large size-medium_large wp-image-11143\" alt=\"opekacka-s-detmi-orava\" srcset=\"https:\/\/www.oravskyhaj.sk\/wp-content\/uploads\/2025\/04\/opekacka-s-detmi-orava-768x432.jpg 768w, https:\/\/www.oravskyhaj.sk\/wp-content\/uploads\/2025\/04\/opekacka-s-detmi-orava-300x169.jpg 300w, https:\/\/www.oravskyhaj.sk\/wp-content\/uploads\/2025\/04\/opekacka-s-detmi-orava-1024x576.jpg 1024w, https:\/\/www.oravskyhaj.sk\/wp-content\/uploads\/2025\/04\/opekacka-s-detmi-orava-1536x864.jpg 1536w, https:\/\/www.oravskyhaj.sk\/wp-content\/uploads\/2025\/04\/opekacka-s-detmi-orava.jpg 1920w\" sizes=\"(max-width: 768px) 100vw, 768px\" \/>\t\t\t\t\t\t\t\t\t\t\t\t\t\t\t<\/div>\n\t\t\t\t<\/div>\n\t\t\t\t<\/div>\n\t\t<div class=\"elementor-element elementor-element-2b1cff9e e-con-full e-flex e-con e-child\" data-id=\"2b1cff9e\" data-element_type=\"container\" data-e-type=\"container\">\n\t\t\t\t<div class=\"elementor-element elementor-element-492d8d5b animated-slow elementor-invisible elementor-widget elementor-widget-image\" data-id=\"492d8d5b\" data-element_type=\"widget\" data-e-type=\"widget\" data-settings=\"{&quot;_animation&quot;:&quot;opal-move-up&quot;}\" data-widget_type=\"image.default\">\n\t\t\t\t<div class=\"elementor-widget-container\">\n\t\t\t\t\t\t\t\t\t\t\t\t\t\t\t<img decoding=\"async\" width=\"777\" height=\"1024\" src=\"https:\/\/www.oravskyhaj.sk\/wp-content\/uploads\/2025\/04\/opekacka-oravsky-haj-e1744126870102-777x1024.jpg\" class=\"attachment-large size-large wp-image-11144\" alt=\"opeka\u010dka-oravsky-haj\" srcset=\"https:\/\/www.oravskyhaj.sk\/wp-content\/uploads\/2025\/04\/opekacka-oravsky-haj-e1744126870102-777x1024.jpg 777w, https:\/\/www.oravskyhaj.sk\/wp-content\/uploads\/2025\/04\/opekacka-oravsky-haj-e1744126870102-228x300.jpg 228w, https:\/\/www.oravskyhaj.sk\/wp-content\/uploads\/2025\/04\/opekacka-oravsky-haj-e1744126870102-768x1012.jpg 768w, https:\/\/www.oravskyhaj.sk\/wp-content\/uploads\/2025\/04\/opekacka-oravsky-haj-e1744126870102.jpg 820w\" sizes=\"(max-width: 777px) 100vw, 777px\" \/>\t\t\t\t\t\t\t\t\t\t\t\t\t\t\t<\/div>\n\t\t\t\t<\/div>\n\t\t\t\t<\/div>\n\t\t\t\t\t<\/div>\n\t\t\t\t<\/div>\n\t\t<div class=\"elementor-element elementor-element-fbfa62b e-flex e-con-boxed e-con e-parent\" data-id=\"fbfa62b\" data-element_type=\"container\" data-e-type=\"container\" data-settings=\"{&quot;animation&quot;:&quot;none&quot;}\">\n\t\t\t\t\t<div class=\"e-con-inner\">\n\t\t<div class=\"elementor-element elementor-element-9378919 e-grid e-con-full e-con e-child\" data-id=\"9378919\" data-element_type=\"container\" data-e-type=\"container\">\n\t\t\t\t<div class=\"elementor-element elementor-element-42fc185 elementor-invisible elementor-widget elementor-widget-text-editor\" data-id=\"42fc185\" data-element_type=\"widget\" data-e-type=\"widget\" data-settings=\"{&quot;_animation&quot;:&quot;fadeIn&quot;}\" data-widget_type=\"text-editor.default\">\n\t\t\t\t<div class=\"elementor-widget-container\">\n\t\t\t\t\t\t\t\t\t<h5>Fishing on the lake<\/h5><p>Next to the fire pit, you&#8217;ll find a small lake where you can enjoy a peaceful boat ride or try your hand at catching trout\u2014freshly grilled for you by our kitchen afterward.<\/p><p>Spend some fun time fishing with your kids. No need to worry about equipment\u2014we\u2019ll lend you rods and bait at the reception.<br \/>Savor the taste of freshly grilled trout from our own farm.<\/p>\t\t\t\t\t\t\t\t<\/div>\n\t\t\t\t<\/div>\n\t\t<div class=\"elementor-element elementor-element-c5e58e2 e-con-full e-flex elementor-invisible e-con e-child\" data-id=\"c5e58e2\" data-element_type=\"container\" data-e-type=\"container\" data-settings=\"{&quot;animation&quot;:&quot;opal-move-left&quot;}\">\n\t\t\t\t<div class=\"elementor-element elementor-element-1945eb4 elementor-widget elementor-widget-image-carousel\" data-id=\"1945eb4\" data-element_type=\"widget\" data-e-type=\"widget\" data-settings=\"{&quot;slides_to_show&quot;:&quot;1&quot;,&quot;navigation&quot;:&quot;none&quot;,&quot;autoplay&quot;:&quot;yes&quot;,&quot;pause_on_hover&quot;:&quot;yes&quot;,&quot;pause_on_interaction&quot;:&quot;yes&quot;,&quot;autoplay_speed&quot;:5000,&quot;infinite&quot;:&quot;yes&quot;,&quot;effect&quot;:&quot;slide&quot;,&quot;speed&quot;:500}\" data-widget_type=\"image-carousel.default\">\n\t\t\t\t<div class=\"elementor-widget-container\">\n\t\t\t\t\t\t\t<div class=\"elementor-image-carousel-wrapper swiper\" role=\"region\" aria-roledescription=\"carousel\" aria-label=\"Obr\u00e1zkov\u00fd kot\u00fa\u010d\" dir=\"ltr\">\n\t\t\t<div class=\"elementor-image-carousel swiper-wrapper\" aria-live=\"off\">\n\t\t\t\t\t\t\t\t<div class=\"swiper-slide\" role=\"group\" aria-roledescription=\"slide\" aria-label=\"1 of 3\"><figure class=\"swiper-slide-inner\"><img decoding=\"async\" class=\"swiper-slide-image\" src=\"https:\/\/www.oravskyhaj.sk\/wp-content\/uploads\/2025\/04\/rybolov-rodina-oravsky-haj-768x512.jpg\" alt=\"rybolov-rodina-oravsky-haj\" \/><\/figure><\/div><div class=\"swiper-slide\" role=\"group\" aria-roledescription=\"slide\" aria-label=\"2 of 3\"><figure class=\"swiper-slide-inner\"><img decoding=\"async\" class=\"swiper-slide-image\" src=\"https:\/\/www.oravskyhaj.sk\/wp-content\/uploads\/2025\/04\/Rybolov-Jazero-Oravsky-Haj-768x512.jpg\" alt=\"Rybolov Jazero Oravsky Haj\" \/><\/figure><\/div><div class=\"swiper-slide\" role=\"group\" aria-roledescription=\"slide\" aria-label=\"3 of 3\"><figure class=\"swiper-slide-inner\"><img decoding=\"async\" class=\"swiper-slide-image\" src=\"https:\/\/www.oravskyhaj.sk\/wp-content\/uploads\/2025\/04\/Jazero-Oravsky-Haj-768x512.jpg\" alt=\"Jazero Oravsky Haj\" \/><\/figure><\/div>\t\t\t<\/div>\n\t\t\t\t\t\t\t\n\t\t\t\t\t\t\t\t\t<\/div>\n\t\t\t\t\t\t<\/div>\n\t\t\t\t<\/div>\n\t\t\t\t<\/div>\n\t\t\t\t<\/div>\n\t\t\t\t\t<\/div>\n\t\t\t\t<\/div>\n\t\t<div class=\"elementor-element elementor-element-a17cd8f e-flex e-con-boxed e-con e-parent\" data-id=\"a17cd8f\" data-element_type=\"container\" data-e-type=\"container\" data-settings=\"{&quot;animation&quot;:&quot;none&quot;}\">\n\t\t\t\t\t<div class=\"e-con-inner\">\n\t\t<div class=\"elementor-element elementor-element-3c924e2 e-grid e-con-full e-con e-child\" data-id=\"3c924e2\" data-element_type=\"container\" data-e-type=\"container\">\n\t\t<div class=\"elementor-element elementor-element-ec3c94e e-con-full e-flex elementor-invisible e-con e-child\" data-id=\"ec3c94e\" data-element_type=\"container\" data-e-type=\"container\" data-settings=\"{&quot;animation&quot;:&quot;opal-move-right&quot;}\">\n\t\t\t\t<div class=\"elementor-element elementor-element-7e1f0f5 elementor-widget elementor-widget-image\" data-id=\"7e1f0f5\" data-element_type=\"widget\" data-e-type=\"widget\" data-widget_type=\"image.default\">\n\t\t\t\t<div class=\"elementor-widget-container\">\n\t\t\t\t\t\t\t\t\t\t\t\t\t\t\t<img decoding=\"async\" width=\"768\" height=\"576\" src=\"https:\/\/www.oravskyhaj.sk\/wp-content\/uploads\/2025\/04\/piknik-oravsky-haj-768x576.jpg\" class=\"attachment-medium_large size-medium_large wp-image-11141\" alt=\"piknik-oravsky-haj\" srcset=\"https:\/\/www.oravskyhaj.sk\/wp-content\/uploads\/2025\/04\/piknik-oravsky-haj-768x576.jpg 768w, https:\/\/www.oravskyhaj.sk\/wp-content\/uploads\/2025\/04\/piknik-oravsky-haj-300x225.jpg 300w, https:\/\/www.oravskyhaj.sk\/wp-content\/uploads\/2025\/04\/piknik-oravsky-haj-1024x768.jpg 1024w, https:\/\/www.oravskyhaj.sk\/wp-content\/uploads\/2025\/04\/piknik-oravsky-haj-1536x1152.jpg 1536w, https:\/\/www.oravskyhaj.sk\/wp-content\/uploads\/2025\/04\/piknik-oravsky-haj-2048x1536.jpg 2048w\" sizes=\"(max-width: 768px) 100vw, 768px\" \/>\t\t\t\t\t\t\t\t\t\t\t\t\t\t\t<\/div>\n\t\t\t\t<\/div>\n\t\t\t\t<\/div>\n\t\t\t\t<div class=\"elementor-element elementor-element-b28c2e4 elementor-invisible elementor-widget elementor-widget-text-editor\" data-id=\"b28c2e4\" data-element_type=\"widget\" data-e-type=\"widget\" data-settings=\"{&quot;_animation&quot;:&quot;fadeIn&quot;}\" data-widget_type=\"text-editor.default\">\n\t\t\t\t<div class=\"elementor-widget-container\">\n\t\t\t\t\t\t\t\t\t<h5>Picnic right in the resort<\/h5><p>Enjoy the warm summer sunshine on the grass with a perfect picnic alongside friends and family. We offer a classic picnic basket filled with delicious treats for an authentic outdoor experience, including a bottle of premium Chateau Grand Bari wine. Of course, plates, glasses, and cutlery are all included.<\/p>\t\t\t\t\t\t\t\t<\/div>\n\t\t\t\t<\/div>\n\t\t\t\t<\/div>\n\t\t\t\t\t<\/div>\n\t\t\t\t<\/div>\n\t\t\t\t<\/div>\n\t\t","protected":false},"excerpt":{"rendered":"<p>Picnic, barbecue &amp; fishing Enjoy exceptional experiences during unconventional activities Non-traditional summer activities Barbecue with the family Would you like to enjoy delicious grilled food or spend a relaxing evening by the fire with friends? At Oravsk\u00fd H\u00e1j, we offer the perfect opportunity for a barbecue in the heart of nature! During the summer months, [&hellip;]<\/p>\n","protected":false},"author":1,"featured_media":0,"parent":0,"menu_order":0,"comment_status":"closed","ping_status":"closed","template":"","meta":{"_acf_changed":false,"inline_featured_image":false,"footnotes":""},"class_list":["post-10772","page","type-page","status-publish","hentry"],"acf":[],"yoast_head":"<!-- This site is optimized with the Yoast SEO plugin v27.4 - https:\/\/yoast.com\/product\/yoast-seo-wordpress\/ -->\n<title>Barbecue and Fishing - Oravsk\u00fd H\u00e1j<\/title>\n<meta name=\"description\" content=\"Experience the relaxation of fishing and barbecue in Orava H\u00e1j. An ideal place to relax in nature for families and groups.\" \/>\n<meta name=\"robots\" content=\"index, follow, max-snippet:-1, max-image-preview:large, max-video-preview:-1\" \/>\n<link rel=\"canonical\" href=\"https:\/\/www.oravskyhaj.sk\/en\/barbecue-and-fishing\/\" \/>\n<meta property=\"og:locale\" content=\"en_US\" \/>\n<meta property=\"og:type\" content=\"article\" \/>\n<meta property=\"og:title\" content=\"Barbecue and Fishing - Oravsk\u00fd H\u00e1j\" \/>\n<meta property=\"og:description\" content=\"Experience the relaxation of fishing and barbecue in Orava H\u00e1j. An ideal place to relax in nature for families and groups.\" \/>\n<meta property=\"og:url\" content=\"https:\/\/www.oravskyhaj.sk\/en\/barbecue-and-fishing\/\" \/>\n<meta property=\"og:site_name\" content=\"Oravsk\u00fd H\u00e1j\" \/>\n<meta property=\"article:publisher\" content=\"https:\/\/www.facebook.com\/OravskyHajHotel\/\" \/>\n<meta property=\"article:modified_time\" content=\"2025-07-22T20:04:16+00:00\" \/>\n<meta property=\"og:image\" content=\"https:\/\/www.oravskyhaj.sk\/wp-content\/uploads\/2025\/04\/opekacka-s-detmi-orava.jpg\" \/>\n\t<meta property=\"og:image:width\" content=\"1920\" \/>\n\t<meta property=\"og:image:height\" content=\"1080\" \/>\n\t<meta property=\"og:image:type\" content=\"image\/jpeg\" \/>\n<meta name=\"twitter:card\" content=\"summary_large_image\" \/>\n<meta name=\"twitter:label1\" content=\"Est. reading time\" \/>\n\t<meta name=\"twitter:data1\" content=\"3 minutes\" \/>\n<script type=\"application\/ld+json\" class=\"yoast-schema-graph\">{\"@context\":\"https:\\\/\\\/schema.org\",\"@graph\":[{\"@type\":\"WebPage\",\"@id\":\"https:\\\/\\\/www.oravskyhaj.sk\\\/en\\\/barbecue-and-fishing\\\/\",\"url\":\"https:\\\/\\\/www.oravskyhaj.sk\\\/en\\\/barbecue-and-fishing\\\/\",\"name\":\"Barbecue and Fishing - Oravsk\u00fd H\u00e1j\",\"isPartOf\":{\"@id\":\"https:\\\/\\\/www.oravskyhaj.sk\\\/en\\\/#website\"},\"primaryImageOfPage\":{\"@id\":\"https:\\\/\\\/www.oravskyhaj.sk\\\/en\\\/barbecue-and-fishing\\\/#primaryimage\"},\"image\":{\"@id\":\"https:\\\/\\\/www.oravskyhaj.sk\\\/en\\\/barbecue-and-fishing\\\/#primaryimage\"},\"thumbnailUrl\":\"https:\\\/\\\/www.oravskyhaj.sk\\\/wp-content\\\/uploads\\\/2025\\\/04\\\/opekacka-s-detmi-orava-768x432.jpg\",\"datePublished\":\"2025-03-10T23:17:32+00:00\",\"dateModified\":\"2025-07-22T20:04:16+00:00\",\"description\":\"Experience the relaxation of fishing and barbecue in Orava H\u00e1j. An ideal place to relax in nature for families and groups.\",\"breadcrumb\":{\"@id\":\"https:\\\/\\\/www.oravskyhaj.sk\\\/en\\\/barbecue-and-fishing\\\/#breadcrumb\"},\"inLanguage\":\"en-US\",\"potentialAction\":[{\"@type\":\"ReadAction\",\"target\":[\"https:\\\/\\\/www.oravskyhaj.sk\\\/en\\\/barbecue-and-fishing\\\/\"]}]},{\"@type\":\"ImageObject\",\"inLanguage\":\"en-US\",\"@id\":\"https:\\\/\\\/www.oravskyhaj.sk\\\/en\\\/barbecue-and-fishing\\\/#primaryimage\",\"url\":\"https:\\\/\\\/www.oravskyhaj.sk\\\/wp-content\\\/uploads\\\/2025\\\/04\\\/opekacka-s-detmi-orava-768x432.jpg\",\"contentUrl\":\"https:\\\/\\\/www.oravskyhaj.sk\\\/wp-content\\\/uploads\\\/2025\\\/04\\\/opekacka-s-detmi-orava-768x432.jpg\"},{\"@type\":\"BreadcrumbList\",\"@id\":\"https:\\\/\\\/www.oravskyhaj.sk\\\/en\\\/barbecue-and-fishing\\\/#breadcrumb\",\"itemListElement\":[{\"@type\":\"ListItem\",\"position\":1,\"name\":\"Home\",\"item\":\"https:\\\/\\\/www.oravskyhaj.sk\\\/en\\\/\"},{\"@type\":\"ListItem\",\"position\":2,\"name\":\"Barbecue and Fishing\"}]},{\"@type\":\"WebSite\",\"@id\":\"https:\\\/\\\/www.oravskyhaj.sk\\\/en\\\/#website\",\"url\":\"https:\\\/\\\/www.oravskyhaj.sk\\\/en\\\/\",\"name\":\"Oravsk\u00fd H\u00e1j\",\"description\":\"Garden Hotel &amp; Resort\",\"publisher\":{\"@id\":\"https:\\\/\\\/www.oravskyhaj.sk\\\/en\\\/#organization\"},\"potentialAction\":[{\"@type\":\"SearchAction\",\"target\":{\"@type\":\"EntryPoint\",\"urlTemplate\":\"https:\\\/\\\/www.oravskyhaj.sk\\\/en\\\/?s={search_term_string}\"},\"query-input\":{\"@type\":\"PropertyValueSpecification\",\"valueRequired\":true,\"valueName\":\"search_term_string\"}}],\"inLanguage\":\"en-US\"},{\"@type\":\"Organization\",\"@id\":\"https:\\\/\\\/www.oravskyhaj.sk\\\/en\\\/#organization\",\"name\":\"Oravsk\u00fd H\u00e1j\",\"url\":\"https:\\\/\\\/www.oravskyhaj.sk\\\/en\\\/\",\"logo\":{\"@type\":\"ImageObject\",\"inLanguage\":\"en-US\",\"@id\":\"https:\\\/\\\/www.oravskyhaj.sk\\\/en\\\/#\\\/schema\\\/logo\\\/image\\\/\",\"url\":\"https:\\\/\\\/www.oravskyhaj.sk\\\/wp-content\\\/uploads\\\/2026\\\/04\\\/oravsky-haj-logo-april-2026.png\",\"contentUrl\":\"https:\\\/\\\/www.oravskyhaj.sk\\\/wp-content\\\/uploads\\\/2026\\\/04\\\/oravsky-haj-logo-april-2026.png\",\"width\":800,\"height\":346,\"caption\":\"Oravsk\u00fd H\u00e1j\"},\"image\":{\"@id\":\"https:\\\/\\\/www.oravskyhaj.sk\\\/en\\\/#\\\/schema\\\/logo\\\/image\\\/\"},\"sameAs\":[\"https:\\\/\\\/www.facebook.com\\\/OravskyHajHotel\\\/\",\"https:\\\/\\\/www.instagram.com\\\/oravskyhaj\\\/\"]}]}<\/script>\n<!-- \/ Yoast SEO plugin. -->","yoast_head_json":{"title":"Barbecue and Fishing - Oravsk\u00fd H\u00e1j","description":"Experience the relaxation of fishing and barbecue in Orava H\u00e1j. An ideal place to relax in nature for families and groups.","robots":{"index":"index","follow":"follow","max-snippet":"max-snippet:-1","max-image-preview":"max-image-preview:large","max-video-preview":"max-video-preview:-1"},"canonical":"https:\/\/www.oravskyhaj.sk\/en\/barbecue-and-fishing\/","og_locale":"en_US","og_type":"article","og_title":"Barbecue and Fishing - Oravsk\u00fd H\u00e1j","og_description":"Experience the relaxation of fishing and barbecue in Orava H\u00e1j. An ideal place to relax in nature for families and groups.","og_url":"https:\/\/www.oravskyhaj.sk\/en\/barbecue-and-fishing\/","og_site_name":"Oravsk\u00fd H\u00e1j","article_publisher":"https:\/\/www.facebook.com\/OravskyHajHotel\/","article_modified_time":"2025-07-22T20:04:16+00:00","og_image":[{"width":1920,"height":1080,"url":"https:\/\/www.oravskyhaj.sk\/wp-content\/uploads\/2025\/04\/opekacka-s-detmi-orava.jpg","type":"image\/jpeg"}],"twitter_card":"summary_large_image","twitter_misc":{"Est. reading time":"3 minutes"},"schema":{"@context":"https:\/\/schema.org","@graph":[{"@type":"WebPage","@id":"https:\/\/www.oravskyhaj.sk\/en\/barbecue-and-fishing\/","url":"https:\/\/www.oravskyhaj.sk\/en\/barbecue-and-fishing\/","name":"Barbecue and Fishing - Oravsk\u00fd H\u00e1j","isPartOf":{"@id":"https:\/\/www.oravskyhaj.sk\/en\/#website"},"primaryImageOfPage":{"@id":"https:\/\/www.oravskyhaj.sk\/en\/barbecue-and-fishing\/#primaryimage"},"image":{"@id":"https:\/\/www.oravskyhaj.sk\/en\/barbecue-and-fishing\/#primaryimage"},"thumbnailUrl":"https:\/\/www.oravskyhaj.sk\/wp-content\/uploads\/2025\/04\/opekacka-s-detmi-orava-768x432.jpg","datePublished":"2025-03-10T23:17:32+00:00","dateModified":"2025-07-22T20:04:16+00:00","description":"Experience the relaxation of fishing and barbecue in Orava H\u00e1j. An ideal place to relax in nature for families and groups.","breadcrumb":{"@id":"https:\/\/www.oravskyhaj.sk\/en\/barbecue-and-fishing\/#breadcrumb"},"inLanguage":"en-US","potentialAction":[{"@type":"ReadAction","target":["https:\/\/www.oravskyhaj.sk\/en\/barbecue-and-fishing\/"]}]},{"@type":"ImageObject","inLanguage":"en-US","@id":"https:\/\/www.oravskyhaj.sk\/en\/barbecue-and-fishing\/#primaryimage","url":"https:\/\/www.oravskyhaj.sk\/wp-content\/uploads\/2025\/04\/opekacka-s-detmi-orava-768x432.jpg","contentUrl":"https:\/\/www.oravskyhaj.sk\/wp-content\/uploads\/2025\/04\/opekacka-s-detmi-orava-768x432.jpg"},{"@type":"BreadcrumbList","@id":"https:\/\/www.oravskyhaj.sk\/en\/barbecue-and-fishing\/#breadcrumb","itemListElement":[{"@type":"ListItem","position":1,"name":"Home","item":"https:\/\/www.oravskyhaj.sk\/en\/"},{"@type":"ListItem","position":2,"name":"Barbecue and Fishing"}]},{"@type":"WebSite","@id":"https:\/\/www.oravskyhaj.sk\/en\/#website","url":"https:\/\/www.oravskyhaj.sk\/en\/","name":"Oravsk\u00fd H\u00e1j","description":"Garden Hotel &amp; Resort","publisher":{"@id":"https:\/\/www.oravskyhaj.sk\/en\/#organization"},"potentialAction":[{"@type":"SearchAction","target":{"@type":"EntryPoint","urlTemplate":"https:\/\/www.oravskyhaj.sk\/en\/?s={search_term_string}"},"query-input":{"@type":"PropertyValueSpecification","valueRequired":true,"valueName":"search_term_string"}}],"inLanguage":"en-US"},{"@type":"Organization","@id":"https:\/\/www.oravskyhaj.sk\/en\/#organization","name":"Oravsk\u00fd H\u00e1j","url":"https:\/\/www.oravskyhaj.sk\/en\/","logo":{"@type":"ImageObject","inLanguage":"en-US","@id":"https:\/\/www.oravskyhaj.sk\/en\/#\/schema\/logo\/image\/","url":"https:\/\/www.oravskyhaj.sk\/wp-content\/uploads\/2026\/04\/oravsky-haj-logo-april-2026.png","contentUrl":"https:\/\/www.oravskyhaj.sk\/wp-content\/uploads\/2026\/04\/oravsky-haj-logo-april-2026.png","width":800,"height":346,"caption":"Oravsk\u00fd H\u00e1j"},"image":{"@id":"https:\/\/www.oravskyhaj.sk\/en\/#\/schema\/logo\/image\/"},"sameAs":["https:\/\/www.facebook.com\/OravskyHajHotel\/","https:\/\/www.instagram.com\/oravskyhaj\/"]}]}},"_links":{"self":[{"href":"https:\/\/www.oravskyhaj.sk\/en\/wp-json\/wp\/v2\/pages\/10772","targetHints":{"allow":["GET"]}}],"collection":[{"href":"https:\/\/www.oravskyhaj.sk\/en\/wp-json\/wp\/v2\/pages"}],"about":[{"href":"https:\/\/www.oravskyhaj.sk\/en\/wp-json\/wp\/v2\/types\/page"}],"author":[{"embeddable":true,"href":"https:\/\/www.oravskyhaj.sk\/en\/wp-json\/wp\/v2\/users\/1"}],"replies":[{"embeddable":true,"href":"https:\/\/www.oravskyhaj.sk\/en\/wp-json\/wp\/v2\/comments?post=10772"}],"version-history":[{"count":4,"href":"https:\/\/www.oravskyhaj.sk\/en\/wp-json\/wp\/v2\/pages\/10772\/revisions"}],"predecessor-version":[{"id":11615,"href":"https:\/\/www.oravskyhaj.sk\/en\/wp-json\/wp\/v2\/pages\/10772\/revisions\/11615"}],"wp:attachment":[{"href":"https:\/\/www.oravskyhaj.sk\/en\/wp-json\/wp\/v2\/media?parent=10772"}],"curies":[{"name":"wp","href":"https:\/\/api.w.org\/{rel}","templated":true}]}}